{"id":290,"date":"2021-04-15T22:22:50","date_gmt":"2021-04-15T22:22:50","guid":{"rendered":"https:\/\/saelbarraza.com\/?page_id=290"},"modified":"2021-04-16T20:29:41","modified_gmt":"2021-04-16T20:29:41","slug":"mi-historia","status":"publish","type":"page","link":"https:\/\/saelbarraza.com\/?page_id=290","title":{"rendered":"Mi historia"},"content":{"rendered":"<p>[et_pb_section fb_built=\u00bb1&#8243; _builder_version=\u00bb4.9.2&#8243; _module_preset=\u00bbdefault\u00bb background_color=\u00bb#000000&#8243; use_background_color_gradient=\u00bbon\u00bb background_color_gradient_start=\u00bb#000000&#8243; background_color_gradient_end=\u00bbrgba(0,0,0,0.26)\u00bb background_color_gradient_direction=\u00bb147deg\u00bb background_color_gradient_start_position=\u00bb39%\u00bb background_color_gradient_overlays_image=\u00bbon\u00bb background_image=\u00bbhttps:\/\/saelbarraza.com\/wp-content\/uploads\/2021\/04\/conferencias.jpg\u00bb custom_padding=\u00bb8px||0px|||\u00bb saved_tabs=\u00bball\u00bb][et_pb_row column_structure=\u00bb2_5,3_5&#8243; use_custom_gutter=\u00bbon\u00bb gutter_width=\u00bb1&#8243; _builder_version=\u00bb4.9.2&#8243; _module_preset=\u00bbdefault\u00bb custom_padding=\u00bb||0px|||\u00bb custom_css_main_element=\u00bbdisplay: flex;||flex-wrap: wrap;\u00bb][et_pb_column type=\u00bb2_5&#8243; _builder_version=\u00bb4.9.2&#8243; _module_preset=\u00bbdefault\u00bb custom_css_main_element_last_edited=\u00bbon|phone\u00bb custom_css_main_element_phone=\u00bborder: 2;\u00bb][et_pb_image src=\u00bbhttps:\/\/saelbarraza.com\/wp-content\/uploads\/2021\/04\/SAEL-FONDO-TRANSPARENTE-3-e1618079804865.png\u00bb title_text=\u00bbSAEL FONDO TRANSPARENTE 3&#8243; align=\u00bbcenter\u00bb _builder_version=\u00bb4.9.2&#8243; _module_preset=\u00bbdefault\u00bb width=\u00bb88%\u00bb module_alignment=\u00bbcenter\u00bb custom_margin=\u00bb|-1px||||\u00bb][\/et_pb_image][\/et_pb_column][et_pb_column type=\u00bb3_5&#8243; _builder_version=\u00bb4.9.2&#8243; _module_preset=\u00bbdefault\u00bb][et_pb_blurb title=\u00bbSael Barraza\u00bb content_max_width=\u00bb574px\u00bb _builder_version=\u00bb4.9.2&#8243; _module_preset=\u00bbdefault\u00bb header_level=\u00bbh3&#8243; header_font=\u00bb|||||on|||\u00bb header_text_align=\u00bbcenter\u00bb header_text_color=\u00bbrgba(255,255,255,0.87)\u00bb header_font_size=\u00bb68px\u00bb body_font=\u00bb|||||on|||\u00bb body_text_align=\u00bbcenter\u00bb body_text_color=\u00bb#FFFFFF\u00bb body_font_size=\u00bb50px\u00bb body_line_height=\u00bb1.2em\u00bb min_height=\u00bb157px\u00bb custom_margin=\u00bb17.1%||||false|false\u00bb custom_margin_tablet=\u00bb\u00bb custom_margin_phone=\u00bb0%||||false|false\u00bb custom_margin_last_edited=\u00bbon|phone\u00bb custom_padding=\u00bb22px||0px||false|false\u00bb header_font_size_tablet=\u00bb\u00bb header_font_size_phone=\u00bb37px\u00bb header_font_size_last_edited=\u00bbon|phone\u00bb body_font_size_tablet=\u00bb\u00bb body_font_size_phone=\u00bb42px\u00bb body_font_size_last_edited=\u00bbon|phone\u00bb]<\/p>\n<p>Mi Historia<\/p>\n<p>[\/et_pb_blurb][\/et_pb_column][\/et_pb_row][\/et_pb_section][et_pb_section fb_built=\u00bb1&#8243; _builder_version=\u00bb4.9.2&#8243; _module_preset=\u00bbdefault\u00bb background_color=\u00bb#000000&#8243; custom_margin=\u00bb||-3px|||\u00bb custom_padding=\u00bb||3px|||\u00bb][et_pb_row _builder_version=\u00bb4.9.2&#8243; _module_preset=\u00bbdefault\u00bb scroll_scaling_enable=\u00bbon\u00bb][et_pb_column type=\u00bb4_4&#8243; _builder_version=\u00bb4.9.2&#8243; _module_preset=\u00bbdefault\u00bb][et_pb_text _builder_version=\u00bb4.9.2&#8243; _module_preset=\u00bbdefault\u00bb text_font=\u00bb|||||on|||\u00bb text_text_color=\u00bb#FFFFFF\u00bb text_font_size=\u00bb45px\u00bb text_line_height=\u00bb1.1em\u00bb header_font=\u00bb|||||on|||\u00bb header_text_align=\u00bbcenter\u00bb header_text_color=\u00bb#FFFFFF\u00bb header_font_size=\u00bb50px\u00bb text_orientation=\u00bbcenter\u00bb custom_margin=\u00bb0px|4px|44px|4px|false|true\u00bb custom_padding=\u00bb5px||0px||false|false\u00bb hover_enabled=\u00bb0&#8243; text_font_size_tablet=\u00bb\u00bb text_font_size_phone=\u00bb41px\u00bb text_font_size_last_edited=\u00bbon|phone\u00bb header_font_size_tablet=\u00bb\u00bb header_font_size_phone=\u00bb25px\u00bb header_font_size_last_edited=\u00bbon|phone\u00bb sticky_enabled=\u00bb0&#8243;]<\/p>\n<p>\u201cAtreverse es perder el equilibrio moment\u00e1neamente.No atreverse es perderse uno mismo.\u201d<\/p>\n<p>Soren Kierkegaard<\/p>\n<p>[\/et_pb_text][\/et_pb_column][\/et_pb_row][et_pb_row column_structure=\u00bb2_5,3_5&#8243; _builder_version=\u00bb4.9.2&#8243; _module_preset=\u00bbdefault\u00bb][et_pb_column type=\u00bb2_5&#8243; _builder_version=\u00bb4.9.2&#8243; _module_preset=\u00bbdefault\u00bb][et_pb_image src=\u00bbhttps:\/\/saelbarraza.com\/wp-content\/uploads\/2021\/04\/Purple-Bright-and-Bold-Health-_-Fitness-Sale-Instagram-Post-1.png\u00bb title_text=\u00bbPurple Bright and Bold Health _ Fitness Sale Instagram Post (1)\u00bb _builder_version=\u00bb4.9.2&#8243; _module_preset=\u00bbdefault\u00bb custom_margin=\u00bb0px||0px||true|false\u00bb custom_padding=\u00bb0px||0px||true|\u00bb scroll_horizontal_motion=\u00bb0|50|50|100|-4|0|0&#8243; scroll_scaling_enable=\u00bbon\u00bb motion_trigger_start=\u00bbtop\u00bb border_radii=\u00bbon|10px|10px|10px|10px\u00bb border_color_all=\u00bb#E09900&#8243; border_style_all=\u00bboutset\u00bb box_shadow_horizontal_tablet=\u00bb\u00bb box_shadow_horizontal_phone=\u00bb4px\u00bb box_shadow_horizontal_last_edited=\u00bbon|phone\u00bb box_shadow_vertical_tablet=\u00bb\u00bb box_shadow_vertical_phone=\u00bb2px\u00bb box_shadow_vertical_last_edited=\u00bbon|phone\u00bb][\/et_pb_image][\/et_pb_column][et_pb_column type=\u00bb3_5&#8243; _builder_version=\u00bb4.9.2&#8243; _module_preset=\u00bbdefault\u00bb][et_pb_text _builder_version=\u00bb4.9.2&#8243; _module_preset=\u00bbdefault\u00bb text_text_color=\u00bb#FFFFFF\u00bb text_font_size=\u00bb18px\u00bb text_line_height=\u00bb1.2em\u00bb header_text_align=\u00bbleft\u00bb header_font_size=\u00bb25px\u00bb header_3_text_align=\u00bbcenter\u00bb header_3_text_color=\u00bb#FFFFFF\u00bb header_3_font_size=\u00bb28px\u00bb header_3_line_height=\u00bb1.2em\u00bb text_orientation=\u00bbjustified\u00bb custom_margin=\u00bb41px|||||\u00bb custom_margin_tablet=\u00bb\u00bb custom_margin_phone=\u00bb0px||0px||true|false\u00bb custom_margin_last_edited=\u00bbon|phone\u00bb scroll_fade_enable=\u00bbon\u00bb motion_trigger_start=\u00bbtop\u00bb text_font_size_tablet=\u00bb\u00bb text_font_size_phone=\u00bb14px\u00bb text_font_size_last_edited=\u00bbon|phone\u00bb header_text_align_tablet=\u00bb\u00bb header_text_align_phone=\u00bbcenter\u00bb header_text_align_last_edited=\u00bbon|phone\u00bb text_orientation_tablet=\u00bb\u00bb text_orientation_phone=\u00bbcenter\u00bb text_orientation_last_edited=\u00bbon|phone\u00bb]<\/p>\n<p>Despu\u00e9s de trabajar por 10 a\u00f1os a nivel gerencial en 3 compa\u00f1\u00edas transnacionales, renunci\u00e9 a todo para ir por mi sue\u00f1o de ser coach, Decid\u00ed estudiar formaci\u00f3n directiva a la Universidad Complutense de Madrid. aprovechando mi estancia, tambi\u00e9n estudi\u00e9 en el IPH de Gustavo Bartelotto que es uno de los pioneros de PNL en Espa\u00f1a. Ah\u00ed me form\u00e9 como coach de negocios.<\/p>\n<p>Hace 14 a\u00f1os regres\u00e9 a M\u00e9xico con muchas ilusiones y planes por arrancar, me quer\u00eda comer el mundo y que creen??? Todo un fracaso, nadie me contrataba, pocos sab\u00edan que era el coaching, nadie valoraba mis servicios\u2026 fueron momentos muy oscuros, estuve a punto de buscar trabajo nuevamente y abortar la misi\u00f3n<\/p>\n<p>&nbsp;<\/p>\n<p>&nbsp;<\/p>\n<p>[\/et_pb_text][\/et_pb_column][\/et_pb_row][\/et_pb_section][et_pb_section fb_built=\u00bb1&#8243; custom_padding_last_edited=\u00bbon|phone\u00bb _builder_version=\u00bb4.9.2&#8243; _module_preset=\u00bbdefault\u00bb background_color=\u00bb#000000&#8243; background_enable_image=\u00bboff\u00bb background_position=\u00bbtop_center\u00bb custom_margin=\u00bb0px||||false|false\u00bb custom_padding=\u00bb0px||0px||true|false\u00bb custom_padding_tablet=\u00bb\u00bb custom_padding_phone=\u00bb|||0px|false|false\u00bb background_last_edited=\u00bbon|phone\u00bb parallax_phone=\u00bboff\u00bb background_size_phone=\u00bbcontain\u00bb background_position_phone=\u00bbcenter_left\u00bb][et_pb_row column_structure=\u00bb3_5,2_5&#8243; use_custom_gutter=\u00bbon\u00bb gutter_width=\u00bb2&#8243; make_equal=\u00bbon\u00bb _builder_version=\u00bb4.9.2&#8243; _module_preset=\u00bbdefault\u00bb max_width=\u00bb100%\u00bb custom_margin=\u00bb0px|auto|0px|auto|false|false\u00bb custom_padding=\u00bb0px||0px||true|false\u00bb custom_css_main_element=\u00bbdisplay: flex;||flex-wrap: wrap;\u00bb border_color_top=\u00bb#FFFFFF\u00bb custom_css_main_element_last_edited=\u00bbon|phone\u00bb][et_pb_column type=\u00bb3_5&#8243; _builder_version=\u00bb4.9.2&#8243; _module_preset=\u00bbdefault\u00bb custom_css_main_element=\u00bborder: 2;\u00bb][et_pb_text _builder_version=\u00bb4.9.2&#8243; _module_preset=\u00bbdefault\u00bb text_text_color=\u00bb#FFFFFF\u00bb text_font_size=\u00bb18px\u00bb text_line_height=\u00bb1.2em\u00bb header_text_align=\u00bbjustify\u00bb header_font_size=\u00bb25px\u00bb header_3_text_align=\u00bbcenter\u00bb header_3_text_color=\u00bb#FFFFFF\u00bb header_3_font_size=\u00bb28px\u00bb header_3_line_height=\u00bb1.2em\u00bb text_orientation=\u00bbjustified\u00bb custom_margin=\u00bb41px|||||\u00bb scroll_fade_enable=\u00bbon\u00bb motion_trigger_start=\u00bbtop\u00bb text_font_size_tablet=\u00bb\u00bb text_font_size_phone=\u00bb14px\u00bb text_font_size_last_edited=\u00bbon|phone\u00bb header_text_align_tablet=\u00bb\u00bb header_text_align_phone=\u00bbcenter\u00bb header_text_align_last_edited=\u00bbon|phone\u00bb text_orientation_tablet=\u00bb\u00bb text_orientation_phone=\u00bbcenter\u00bb text_orientation_last_edited=\u00bbon|desktop\u00bb]<\/p>\n<p>Sin embargo, no estuve dispuesto a renunciar a mi sue\u00f1o, por un lado empec\u00e9 a dar muchas conferencias por todos lados sin cobrar ni un peso y por otro lado ped\u00ed pr\u00e9stamos para irme a estudiar nuevamente, ahora con el m\u00e1ximo exponente de Coaching Ontol\u00f3gico de habla hispana, el Dr. Rafael Echeverria\u00a0 en M\u00e9xico, Bogot\u00e1 y Sevilla.<\/p>\n<p>Adem\u00e1s obtuve las principales certificaciones de Coaching a nivel internacional (ICC, ABC, AIAC entre otras) alcanzando el grado de Master Coach.<\/p>\n<p>[\/et_pb_text][\/et_pb_column][et_pb_column type=\u00bb2_5&#8243; _builder_version=\u00bb4.9.2&#8243; _module_preset=\u00bbdefault\u00bb custom_css_main_element=\u00bborder: 1;\u00bb][et_pb_image src=\u00bbhttps:\/\/saelbarraza.com\/wp-content\/uploads\/2021\/04\/DSC00374-scaled.jpg\u00bb title_text=\u00bbSONY DSC\u00bb _builder_version=\u00bb4.9.2&#8243; _module_preset=\u00bbdefault\u00bb custom_margin=\u00bb0px||0px||true|false\u00bb custom_padding=\u00bb0px||0px||true|\u00bb scroll_horizontal_motion=\u00bb0|50|50|100|-4|0|0&#8243; scroll_fade_enable=\u00bbon\u00bb scroll_scaling_enable=\u00bbon\u00bb motion_trigger_start=\u00bbtop\u00bb border_radii=\u00bbon|10px|10px|10px|10px\u00bb border_width_all=\u00bb4px\u00bb border_color_all=\u00bb#E09900&#8243; border_style_all=\u00bboutset\u00bb box_shadow_horizontal_tablet=\u00bb\u00bb box_shadow_horizontal_phone=\u00bb4px\u00bb box_shadow_horizontal_last_edited=\u00bbon|phone\u00bb box_shadow_vertical_tablet=\u00bb\u00bb box_shadow_vertical_phone=\u00bb2px\u00bb box_shadow_vertical_last_edited=\u00bbon|phone\u00bb][\/et_pb_image][\/et_pb_column][\/et_pb_row][\/et_pb_section][et_pb_section fb_built=\u00bb1&#8243; _builder_version=\u00bb4.9.2&#8243; _module_preset=\u00bbdefault\u00bb background_color=\u00bb#000000&#8243; custom_padding=\u00bb9px||5px|||\u00bb][et_pb_row _builder_version=\u00bb4.9.2&#8243; _module_preset=\u00bbdefault\u00bb custom_margin=\u00bb-13px|auto|-8px|auto||\u00bb][et_pb_column type=\u00bb4_4&#8243; _builder_version=\u00bb4.9.2&#8243; _module_preset=\u00bbdefault\u00bb][et_pb_text _builder_version=\u00bb4.9.2&#8243; _module_preset=\u00bbdefault\u00bb text_text_color=\u00bb#FFFFFF\u00bb header_text_color=\u00bb#FFFFFF\u00bb header_font_size=\u00bb37px\u00bb header_line_height=\u00bb1.5em\u00bb custom_padding=\u00bb||30px|||\u00bb scroll_scaling_enable=\u00bbon\u00bb header_font_size_tablet=\u00bb\u00bb header_font_size_phone=\u00bb23px\u00bb header_font_size_last_edited=\u00bbon|phone\u00bb]<\/p>\n<h1 style=\"text-align: center;\"><span><span style=\"color: #e09900;\">Atr\u00e9vete<\/span> a so\u00f1ar la vida que has so\u00f1ado para ti mismo. Ve hacia adelante y <span style=\"color: #e09900;\"><span style=\"color: #ffffff;\">haz que<\/span> tus sue\u00f1os <span style=\"color: #ffffff;\">se hagan<\/span> realidad.<\/span><\/span><\/h1>\n<p style=\"text-align: center;\"><span>-Ralph Waldo Emerson<\/span><\/p>\n<p>[\/et_pb_text][\/et_pb_column][\/et_pb_row][\/et_pb_section][et_pb_section fb_built=\u00bb1&#8243; _builder_version=\u00bb4.9.2&#8243; _module_preset=\u00bbdefault\u00bb background_color=\u00bb#000000&#8243; custom_margin=\u00bb0px|||||\u00bb custom_padding=\u00bb5px||4px|||\u00bb][et_pb_row column_structure=\u00bb2_5,3_5&#8243; _builder_version=\u00bb4.9.2&#8243; _module_preset=\u00bbdefault\u00bb custom_margin=\u00bb|auto|23px|auto||\u00bb custom_padding=\u00bb37px|||||\u00bb][et_pb_column type=\u00bb2_5&#8243; _builder_version=\u00bb4.9.2&#8243; _module_preset=\u00bbdefault\u00bb][et_pb_image src=\u00bbhttps:\/\/saelbarraza.com\/wp-content\/uploads\/2021\/04\/IMG-20210415-WA0044.jpg\u00bb title_text=\u00bbIMG-20210415-WA0044&#8243; _builder_version=\u00bb4.9.2&#8243; _module_preset=\u00bbdefault\u00bb custom_margin=\u00bb0px||0px||true|false\u00bb custom_padding=\u00bb0px||0px||true|\u00bb scroll_horizontal_motion=\u00bb0|50|50|100|-4|0|0&#8243; scroll_fade_enable=\u00bbon\u00bb scroll_scaling_enable=\u00bbon\u00bb motion_trigger_start=\u00bbtop\u00bb border_radii=\u00bbon|10px|10px|10px|10px\u00bb border_width_all=\u00bb4px\u00bb border_color_all=\u00bb#E09900&#8243; border_style_all=\u00bboutset\u00bb box_shadow_horizontal_tablet=\u00bb\u00bb box_shadow_horizontal_phone=\u00bb4px\u00bb box_shadow_horizontal_last_edited=\u00bbon|phone\u00bb box_shadow_vertical_tablet=\u00bb\u00bb box_shadow_vertical_phone=\u00bb2px\u00bb box_shadow_vertical_last_edited=\u00bbon|phone\u00bb][\/et_pb_image][\/et_pb_column][et_pb_column type=\u00bb3_5&#8243; _builder_version=\u00bb4.9.2&#8243; _module_preset=\u00bbdefault\u00bb][et_pb_text _builder_version=\u00bb4.9.2&#8243; _module_preset=\u00bbdefault\u00bb text_text_color=\u00bb#FFFFFF\u00bb text_font_size=\u00bb18px\u00bb text_line_height=\u00bb1.2em\u00bb header_text_align=\u00bbleft\u00bb header_font_size=\u00bb25px\u00bb header_3_text_align=\u00bbcenter\u00bb header_3_text_color=\u00bb#FFFFFF\u00bb header_3_font_size=\u00bb28px\u00bb header_3_line_height=\u00bb1.2em\u00bb text_orientation=\u00bbjustified\u00bb custom_margin=\u00bb37px|||||\u00bb scroll_fade_enable=\u00bbon\u00bb motion_trigger_start=\u00bbtop\u00bb text_font_size_tablet=\u00bb\u00bb text_font_size_phone=\u00bb14px\u00bb text_font_size_last_edited=\u00bbon|phone\u00bb header_text_align_tablet=\u00bb\u00bb header_text_align_phone=\u00bbcenter\u00bb header_text_align_last_edited=\u00bbon|phone\u00bb text_orientation_tablet=\u00bb\u00bb text_orientation_phone=\u00bbcenter\u00bb text_orientation_last_edited=\u00bbon|phone\u00bb]<\/p>\n<p>De repente bendito Dios que me lleg\u00f3 una empresa, y otra\u2026otra y otras mas grandes. Me comenzaron tambi\u00e9n a contratar como speaker en todos lados, en M\u00e9xico y luego internacionalmente,\u00a0 y la verdad que empec\u00e9 a cosechar todas la horas de trabajo y estudio.<\/p>\n<p>Al d\u00eda de hoy he tenido la fortuna de implementar proyectos de transformaci\u00f3n en empresas de todas la industrias, he impartido conferencias en diferentes pa\u00edses, en TEDx y he participado en la certificaci\u00f3n de 500 coaches avaldos por la International Association or Coaching (IAC).<\/p>\n<p>[\/et_pb_text][\/et_pb_column][\/et_pb_row][\/et_pb_section][et_pb_section fb_built=\u00bb1&#8243; custom_padding_last_edited=\u00bbon|phone\u00bb _builder_version=\u00bb4.9.2&#8243; _module_preset=\u00bbdefault\u00bb background_color=\u00bb#000000&#8243; background_enable_image=\u00bboff\u00bb background_position=\u00bbtop_center\u00bb custom_margin=\u00bb0px||||false|false\u00bb custom_padding=\u00bb0px||0px||true|false\u00bb custom_padding_tablet=\u00bb\u00bb custom_padding_phone=\u00bb|||0px|false|false\u00bb background_last_edited=\u00bbon|phone\u00bb parallax_phone=\u00bboff\u00bb background_size_phone=\u00bbcontain\u00bb background_position_phone=\u00bbcenter_left\u00bb][et_pb_row column_structure=\u00bb1_2,1_2&#8243; use_custom_gutter=\u00bbon\u00bb make_equal=\u00bbon\u00bb _builder_version=\u00bb4.9.2&#8243; _module_preset=\u00bbdefault\u00bb max_width=\u00bb100%\u00bb custom_margin=\u00bb0px|auto|0px|auto|false|false\u00bb custom_padding=\u00bb48px||48px||true|false\u00bb custom_css_main_element=\u00bbdisplay: flex;||flex-wrap: wrap;\u00bb border_color_top=\u00bb#FFFFFF\u00bb][et_pb_column type=\u00bb1_2&#8243; _builder_version=\u00bb4.9.2&#8243; _module_preset=\u00bbdefault\u00bb custom_css_main_element=\u00bborder: 2;\u00bb][et_pb_text _builder_version=\u00bb4.9.2&#8243; _module_preset=\u00bbdefault\u00bb text_text_color=\u00bb#FFFFFF\u00bb text_font_size=\u00bb18px\u00bb text_line_height=\u00bb1.2em\u00bb header_text_align=\u00bbleft\u00bb header_font_size=\u00bb25px\u00bb header_3_text_align=\u00bbcenter\u00bb header_3_text_color=\u00bb#FFFFFF\u00bb header_3_font_size=\u00bb28px\u00bb header_3_line_height=\u00bb1.2em\u00bb text_orientation=\u00bbjustified\u00bb custom_margin=\u00bb68px|||||\u00bb custom_padding=\u00bb||0px|||\u00bb scroll_fade_enable=\u00bbon\u00bb motion_trigger_start=\u00bbtop\u00bb text_font_size_tablet=\u00bb\u00bb text_font_size_phone=\u00bb14px\u00bb text_font_size_last_edited=\u00bbon|phone\u00bb header_text_align_tablet=\u00bb\u00bb header_text_align_phone=\u00bbcenter\u00bb header_text_align_last_edited=\u00bbon|phone\u00bb text_orientation_tablet=\u00bb\u00bb text_orientation_phone=\u00bbcenter\u00bb text_orientation_last_edited=\u00bbon|phone\u00bb]<\/p>\n<p>Finalmente soy socio fundador de la consultora OntoConsulting y del movimiento digital <a href=\"www.liderubuntu.com\"><span style=\"color: #e09900;\">L\u00edder Ubuntu<\/span><\/a>, la plataforma que ayuda a los lideres de empresa a desarrollar el potencial de sus equipo para poder escalar sus negocios.<\/p>\n<p>&nbsp;<\/p>\n<p>&nbsp;<\/p>\n<p>[\/et_pb_text][\/et_pb_column][et_pb_column type=\u00bb1_2&#8243; _builder_version=\u00bb4.9.2&#8243; _module_preset=\u00bbdefault\u00bb][et_pb_image src=\u00bbhttps:\/\/saelbarraza.com\/wp-content\/uploads\/2021\/04\/web-liderubuntu.png\u00bb title_text=\u00bbweb liderubuntu\u00bb _builder_version=\u00bb4.9.2&#8243; _module_preset=\u00bbdefault\u00bb custom_margin=\u00bb0px||0px||true|false\u00bb custom_padding=\u00bb0px||0px||true|\u00bb scroll_horizontal_motion=\u00bb0|50|50|100|4|0|0&#8243; scroll_fade_enable=\u00bbon\u00bb scroll_scaling_enable=\u00bbon\u00bb motion_trigger_start=\u00bbtop\u00bb border_radii=\u00bbon|10px|10px|10px|10px\u00bb border_width_all=\u00bb4px\u00bb border_color_all=\u00bb#E09900&#8243; border_style_all=\u00bboutset\u00bb box_shadow_vertical_tablet=\u00bb\u00bb box_shadow_vertical_phone=\u00bb2px\u00bb box_shadow_vertical_last_edited=\u00bbon|phone\u00bb][\/et_pb_image][\/et_pb_column][\/et_pb_row][\/et_pb_section][et_pb_section fb_built=\u00bb1&#8243; _builder_version=\u00bb4.9.2&#8243; _module_preset=\u00bbdefault\u00bb background_color=\u00bb#242424&#8243; custom_margin=\u00bb-2px|||||\u00bb custom_padding=\u00bb30px||5px|||\u00bb][et_pb_row column_structure=\u00bb1_5,1_5,1_5,1_5,1_5&#8243; use_custom_gutter=\u00bbon\u00bb gutter_width=\u00bb2&#8243; make_equal=\u00bbon\u00bb _builder_version=\u00bb4.9.2&#8243; _module_preset=\u00bbdefault\u00bb background_color=\u00bb#242424&#8243; module_alignment=\u00bbcenter\u00bb custom_css_main_element=\u00bbdisplay: flex;\u00bb][et_pb_column type=\u00bb1_5&#8243; _builder_version=\u00bb4.9.2&#8243; _module_preset=\u00bbdefault\u00bb][et_pb_image src=\u00bbhttps:\/\/saelbarraza.com\/wp-content\/uploads\/2021\/04\/COCACOLA.png\u00bb title_text=\u00bbCOCACOLA\u00bb _builder_version=\u00bb4.9.2&#8243; _module_preset=\u00bbdefault\u00bb width=\u00bb60%\u00bb width_tablet=\u00bb\u00bb width_phone=\u00bb70%\u00bb width_last_edited=\u00bbon|desktop\u00bb module_alignment=\u00bbcenter\u00bb custom_css_main_element=\u00bbdisplay: flex;\u00bb][\/et_pb_image][\/et_pb_column][et_pb_column type=\u00bb1_5&#8243; _builder_version=\u00bb4.9.2&#8243; _module_preset=\u00bbdefault\u00bb][et_pb_image src=\u00bbhttps:\/\/saelbarraza.com\/wp-content\/uploads\/2021\/04\/FEMSA.png\u00bb title_text=\u00bbFEMSA\u00bb _builder_version=\u00bb4.9.2&#8243; _module_preset=\u00bbdefault\u00bb width=\u00bb60%\u00bb width_tablet=\u00bb\u00bb width_phone=\u00bb70%\u00bb width_last_edited=\u00bbon|desktop\u00bb module_alignment=\u00bbcenter\u00bb custom_css_main_element=\u00bbdisplay: flex;\u00bb][\/et_pb_image][\/et_pb_column][et_pb_column type=\u00bb1_5&#8243; _builder_version=\u00bb4.9.2&#8243; _module_preset=\u00bbdefault\u00bb][et_pb_image src=\u00bbhttps:\/\/saelbarraza.com\/wp-content\/uploads\/2021\/04\/LOREAL-PARIS.png\u00bb title_text=\u00bbLOREAL PARIS\u00bb _builder_version=\u00bb4.9.2&#8243; _module_preset=\u00bbdefault\u00bb width=\u00bb60%\u00bb width_tablet=\u00bb\u00bb width_phone=\u00bb70%\u00bb width_last_edited=\u00bbon|desktop\u00bb module_alignment=\u00bbcenter\u00bb custom_css_main_element=\u00bbdisplay: flex;\u00bb][\/et_pb_image][\/et_pb_column][et_pb_column type=\u00bb1_5&#8243; _builder_version=\u00bb4.9.2&#8243; _module_preset=\u00bbdefault\u00bb][et_pb_image src=\u00bbhttps:\/\/saelbarraza.com\/wp-content\/uploads\/2021\/04\/TELEFLEX.png\u00bb title_text=\u00bbTELEFLEX\u00bb _builder_version=\u00bb4.9.2&#8243; _module_preset=\u00bbdefault\u00bb width=\u00bb60%\u00bb width_tablet=\u00bb\u00bb width_phone=\u00bb70%\u00bb width_last_edited=\u00bbon|desktop\u00bb module_alignment=\u00bbcenter\u00bb custom_css_main_element=\u00bbdisplay: flex;\u00bb][\/et_pb_image][\/et_pb_column][et_pb_column type=\u00bb1_5&#8243; _builder_version=\u00bb4.9.2&#8243; _module_preset=\u00bbdefault\u00bb][et_pb_image src=\u00bbhttps:\/\/saelbarraza.com\/wp-content\/uploads\/2021\/04\/MCCORMICK.png\u00bb title_text=\u00bbMCCORMICK\u00bb _builder_version=\u00bb4.9.2&#8243; _module_preset=\u00bbdefault\u00bb width=\u00bb60%\u00bb width_tablet=\u00bb\u00bb width_phone=\u00bb70%\u00bb width_last_edited=\u00bbon|desktop\u00bb module_alignment=\u00bbcenter\u00bb custom_css_main_element=\u00bbdisplay: flex;\u00bb][\/et_pb_image][\/et_pb_column][\/et_pb_row][\/et_pb_section][et_pb_section fb_built=\u00bb1&#8243; _builder_version=\u00bb4.9.2&#8243; _module_preset=\u00bbdefault\u00bb background_color=\u00bb#000000&#8243; custom_padding=\u00bb9px||5px|||\u00bb][et_pb_row _builder_version=\u00bb4.9.2&#8243; _module_preset=\u00bbdefault\u00bb custom_margin=\u00bb-13px|auto|-8px|auto||\u00bb scroll_scaling_enable=\u00bbon\u00bb motion_trigger_start=\u00bbtop\u00bb][et_pb_column type=\u00bb4_4&#8243; _builder_version=\u00bb4.9.2&#8243; _module_preset=\u00bbdefault\u00bb][et_pb_text _builder_version=\u00bb4.9.2&#8243; _module_preset=\u00bbdefault\u00bb text_text_color=\u00bb#FFFFFF\u00bb header_text_color=\u00bb#FFFFFF\u00bb header_font_size=\u00bb37px\u00bb header_line_height=\u00bb1.5em\u00bb custom_padding=\u00bb||30px|||\u00bb header_font_size_tablet=\u00bb\u00bb header_font_size_phone=\u00bb23px\u00bb header_font_size_last_edited=\u00bbon|phone\u00bb]<\/p>\n<h1 style=\"text-align: center;\"><span>El \u00e9xito es saber tu prop\u00f3sito en la vida, <span style=\"color: #e09900;\">crecer para alcanzar tu m\u00e1ximo potencial <\/span>y plantar semillas que beneficien a otros.<\/span><\/h1>\n<p style=\"text-align: center;\"><span>\u2014-John C. Maxwell.<\/span><\/p>\n<p>[\/et_pb_text][\/et_pb_column][\/et_pb_row][\/et_pb_section][et_pb_section fb_built=\u00bb1&#8243; _builder_version=\u00bb4.9.2&#8243; _module_preset=\u00bbdefault\u00bb background_color=\u00bb#000000&#8243; custom_padding=\u00bb13px||7px|||\u00bb][et_pb_row _builder_version=\u00bb4.9.2&#8243; _module_preset=\u00bbdefault\u00bb][et_pb_column type=\u00bb4_4&#8243; _builder_version=\u00bb4.9.2&#8243; _module_preset=\u00bbdefault\u00bb][\/et_pb_column][\/et_pb_row][\/et_pb_section]<\/p>\n","protected":false},"excerpt":{"rendered":"<p>Mi Historia\u201cAtreverse es perder el equilibrio moment\u00e1neamente.No atreverse es perderse uno mismo.\u201d Soren KierkegaardDespu\u00e9s de trabajar por 10 a\u00f1os a nivel gerencial en 3 compa\u00f1\u00edas transnacionales, renunci\u00e9 a todo para ir por mi sue\u00f1o de ser coach, Decid\u00ed estudiar formaci\u00f3n directiva a la Universidad Complutense de Madrid. aprovechando mi estancia, tambi\u00e9n estudi\u00e9 en el IPH [&hellip;]<\/p>\n","protected":false},"author":1,"featured_media":0,"parent":0,"menu_order":0,"comment_status":"closed","ping_status":"closed","template":"","meta":{"_et_pb_use_builder":"on","_et_pb_old_content":"","_et_gb_content_width":"","footnotes":""},"class_list":["post-290","page","type-page","status-publish","hentry"],"_links":{"self":[{"href":"https:\/\/saelbarraza.com\/index.php?rest_route=\/wp\/v2\/pages\/290","targetHints":{"allow":["GET"]}}],"collection":[{"href":"https:\/\/saelbarraza.com\/index.php?rest_route=\/wp\/v2\/pages"}],"about":[{"href":"https:\/\/saelbarraza.com\/index.php?rest_route=\/wp\/v2\/types\/page"}],"author":[{"embeddable":true,"href":"https:\/\/saelbarraza.com\/index.php?rest_route=\/wp\/v2\/users\/1"}],"replies":[{"embeddable":true,"href":"https:\/\/saelbarraza.com\/index.php?rest_route=%2Fwp%2Fv2%2Fcomments&post=290"}],"version-history":[{"count":12,"href":"https:\/\/saelbarraza.com\/index.php?rest_route=\/wp\/v2\/pages\/290\/revisions"}],"predecessor-version":[{"id":371,"href":"https:\/\/saelbarraza.com\/index.php?rest_route=\/wp\/v2\/pages\/290\/revisions\/371"}],"wp:attachment":[{"href":"https:\/\/saelbarraza.com\/index.php?rest_route=%2Fwp%2Fv2%2Fmedia&parent=290"}],"curies":[{"name":"wp","href":"https:\/\/api.w.org\/{rel}","templated":true}]}}